{"id":8,"date":"2022-09-01T15:16:01","date_gmt":"2022-09-01T13:16:01","guid":{"rendered":"https:\/\/masantedagent.interiale.fr\/?page_id=8"},"modified":"2022-09-06T16:33:28","modified_gmt":"2022-09-06T14:33:28","slug":"lp","status":"publish","type":"page","link":"https:\/\/masantedagent.interiale.fr\/","title":{"rendered":"LP"},"content":{"rendered":"<div class=\"frm_forms  with_frm_style frm_style_style-formidable\" id=\"frm_form_2_container\" data-token=\"ea08297a942d294f586ab0a9d78856fe\">\n<form enctype=\"multipart\/form-data\" method=\"post\" class=\"frm-show-form  frm_js_validate \" id=\"form_tarifsurmesure\"  data-token=\"ea08297a942d294f586ab0a9d78856fe\">\n<div class=\"frm_form_fields \">\n<fieldset>\n<legend class=\"frm_screen_reader\">Tarif sur mesure<\/legend>\r\n\r\n<div class=\"frm_fields_container\">\n<input type=\"hidden\" name=\"frm_action\" value=\"create\" \/>\n<input type=\"hidden\" name=\"form_id\" value=\"2\" \/>\n<input type=\"hidden\" name=\"frm_hide_fields_2\" id=\"frm_hide_fields_2\" value=\"\" \/>\n<input type=\"hidden\" name=\"form_key\" value=\"tarifsurmesure\" \/>\n<input type=\"hidden\" name=\"item_meta[0]\" value=\"\" \/>\n<input type=\"hidden\" id=\"frm_submit_entry_2\" name=\"frm_submit_entry_2\" value=\"ca5cea4df6\" \/><input type=\"hidden\" name=\"_wp_http_referer\" value=\"\/index.php?rest_route=%2Fwp%2Fv2%2Fpages%2F8\" \/><div id=\"frm_field_13_container\" class=\"frm_form_field  frm12 frm_first frm_html_container form-field\">\n<h2>Conjoint ? Enfants ? Famille ? Pr\u00e9voyance ?<\/h2>\n<p>Obtenez un <strong>tarif 100% personnalis\u00e9<\/strong> aupr\u00e8s de nos conseillers en laissant vos coordonn\u00e9es.\u00a0<\/p>\n<\/div>\n<div id=\"frm_field_16_container\" class=\"frm_form_field form-field  frm_required_field frm_top_container form-firstname\">\r\n    <label for=\"field_yvjv6\" id=\"field_yvjv6_label\" class=\"frm_primary_label\">Pr\u00e9nom\r\n        <span class=\"frm_required\" aria-hidden=\"true\">*<\/span>\r\n    <\/label>\r\n    <input type=\"text\" id=\"field_yvjv6\" name=\"item_meta[16]\" value=\"\"  placeholder=\"Votre pr\u00e9nom\" data-reqmsg=\"Ce champ ne peut pas \u00eatre vide\" aria-required=\"true\" data-invmsg=\"texte est non valide\" aria-invalid=\"false\"  \/>\r\n    \r\n    \r\n<\/div>\n<div id=\"frm_field_6_container\" class=\"frm_form_field form-field  frm_required_field frm_top_container form-lastname\">\r\n    <label for=\"field_asg4u\" id=\"field_asg4u_label\" class=\"frm_primary_label\">Nom\r\n        <span class=\"frm_required\" aria-hidden=\"true\">*<\/span>\r\n    <\/label>\r\n    <input type=\"text\" id=\"field_asg4u\" name=\"item_meta[6]\" value=\"\"  placeholder=\"Votre nom\" data-reqmsg=\"Ce champ ne peut pas \u00eatre vide\" aria-required=\"true\" data-invmsg=\"texte est non valide\" aria-invalid=\"false\" pattern=\"([^0-9&quot;&#039;]+)$\"  \/>\r\n    \r\n    \r\n<\/div>\n<div id=\"frm_field_7_container\" class=\"frm_form_field form-field  frm_required_field frm_top_container form-tel\">\r\n    <label for=\"field_9pwd1\" id=\"field_9pwd1_label\" class=\"frm_primary_label\">T\u00e9l\u00e9phone\r\n        <span class=\"frm_required\" aria-hidden=\"true\">*<\/span>\r\n    <\/label>\r\n    <input type=\"tel\" id=\"field_9pwd1\" name=\"item_meta[7]\" value=\"\"  maxlength=\"10\" placeholder=\"N\u00b0 t\u00e9l\u00e9phone o\u00f9 vous appeler\" data-reqmsg=\"Ce champ ne peut pas \u00eatre vide\" aria-required=\"true\" data-invmsg=\"T\u00e9l\u00e9phone est non valide\" aria-invalid=\"false\" pattern=\"\\d\\d \\d\\d \\d\\d \\d\\d \\d\\d$\"  \/>\r\n    \r\n    \r\n<\/div>\n<div id=\"frm_field_19_container\" class=\"frm_form_field form-field  frm_required_field frm_top_container form-postcode\">\r\n    <label for=\"field_9m1ni\" id=\"field_9m1ni_label\" class=\"frm_primary_label\">Code postal\r\n        <span class=\"frm_required\" aria-hidden=\"true\">*<\/span>\r\n    <\/label>\r\n    <input type=\"tel\" id=\"field_9m1ni\" name=\"item_meta[19]\" value=\"\"  placeholder=\"Votre code postal\" data-reqmsg=\"Ce champ ne peut pas \u00eatre vide\" aria-required=\"true\" data-invmsg=\"Code postal est non valide\" aria-invalid=\"false\" pattern=\"\\d\\d\\d\\d\\d$\"  \/>\r\n    \r\n    \r\n<\/div>\n<div id=\"frm_field_12_container\" class=\"frm_form_field form-field  frm_top_container form-departement\">\r\n    <label for=\"field_n8eph\" id=\"field_n8eph_label\" class=\"frm_primary_label\">D\u00e9partement\r\n        <span class=\"frm_required\" aria-hidden=\"true\"><\/span>\r\n    <\/label>\r\n    <div class=\"frm_opt_container\" aria-labelledby=\"field_n8eph_label\" role=\"group\"><input type=\"text\" id=\"field_n8eph\" name=\"item_meta[12]\" value=\"\"  placeholder=\"Votre d\u00e9partement\" data-invmsg=\"D\u00e9partement est non valide\" aria-invalid=\"false\"  \/><\/div>\r\n    \r\n    \r\n<\/div>\n<div id=\"frm_field_14_container\" class=\"frm_form_field form-field  frm_top_container inputAge\">\r\n    <label for=\"field_c3dd8\" id=\"field_c3dd8_label\" class=\"frm_primary_label\">Age\r\n        <span class=\"frm_required\" aria-hidden=\"true\"><\/span>\r\n    <\/label>\r\n    <input type=\"text\" id=\"field_c3dd8\" name=\"item_meta[14]\" value=\"\"  data-invmsg=\"texte est non valide\" aria-invalid=\"false\"  \/>\r\n    \r\n    \r\n<\/div>\n<div id=\"frm_field_20_container\" class=\"frm_form_field form-field  frm_top_container inputDateNaissance\">\r\n    <label for=\"field_ezj44\" id=\"field_ezj44_label\" class=\"frm_primary_label\">Date de naissance\r\n        <span class=\"frm_required\" aria-hidden=\"true\"><\/span>\r\n    <\/label>\r\n    <input type=\"text\" id=\"field_ezj44\" name=\"item_meta[20]\" value=\"\"  data-invmsg=\"Text is invalid\" aria-invalid=\"false\"  \/>\r\n    \r\n    \r\n<\/div>\n<div id=\"frm_field_15_container\" class=\"frm_form_field form-field  frm_top_container inputFormule\">\r\n    <label for=\"field_hnnay\" id=\"field_hnnay_label\" class=\"frm_primary_label\">Formule\r\n        <span class=\"frm_required\" aria-hidden=\"true\"><\/span>\r\n    <\/label>\r\n    <input type=\"text\" id=\"field_hnnay\" name=\"item_meta[15]\" value=\"\"  data-invmsg=\"texte est non valide\" aria-invalid=\"false\"  \/>\r\n    \r\n    \r\n<\/div>\n<div id=\"frm_field_17_container\" class=\"frm_form_field  form-mentions frm_html_container form-field\">\n<p>Conform\u00e9ment \u00e0 la loi \u00ab Informatique et libert\u00e9s \u00bb du 6 janvier 1978, toute personne dont des donn\u00e9es personnelles sont conserv\u00e9es par la Mutuelle dispose d\u2019un droit d\u2019acc\u00e8s, de rectification, de suppression et d\u2019opposition sur les informations les concernant. Pour ce faire, le membre participant peut adresser un courrier \u00e0 la Direction Juridique de la Mutuelle, 32 Rue Blanche, 75009 Paris, accompagn\u00e9 d\u2019un justificatif d\u2019identit\u00e9.<\/p>\n<\/div>\n\t<input type=\"hidden\" name=\"item_key\" value=\"\" \/>\n\t\t\t\t<div class=\"frm_verify\" aria-hidden=\"true\">\n\t\t\t\t<label for=\"frm_email_2\">\n\t\t\t\t\tSi vous \u00eates un humain, ne remplissez pas ce champ.\t\t\t\t<\/label>\n\t\t\t\t<input type=\"text\" class=\"frm_verify\" id=\"frm_email_2\" name=\"frm_verify\" value=\"\"  \/>\n\t\t\t<\/div>\n\t\t<div class=\"frm_submit\">\r\n\r\n<button class=\"frm_button_submit\" type=\"submit\"   id=\"ctaSouhaitAppel\"  onClick =\"ga('send', 'event', 'ctaSouhaitAppel', 'click')\">Je souhaite \u00eatre contact\u00e9<\/button>\r\n\r\n\r\n<\/div><\/div>\n<\/fieldset>\n<\/div>\n<\/form>\n<\/div>\n","protected":false},"excerpt":{"rendered":"","protected":false},"author":1,"featured_media":0,"parent":0,"menu_order":0,"comment_status":"closed","ping_status":"closed","template":"template-LP.php","meta":{"footnotes":""},"class_list":["post-8","page","type-page","status-publish","hentry"],"_links":{"self":[{"href":"https:\/\/masantedagent.interiale.fr\/index.php?rest_route=\/wp\/v2\/pages\/8","targetHints":{"allow":["GET"]}}],"collection":[{"href":"https:\/\/masantedagent.interiale.fr\/index.php?rest_route=\/wp\/v2\/pages"}],"about":[{"href":"https:\/\/masantedagent.interiale.fr\/index.php?rest_route=\/wp\/v2\/types\/page"}],"author":[{"embeddable":true,"href":"https:\/\/masantedagent.interiale.fr\/index.php?rest_route=\/wp\/v2\/users\/1"}],"replies":[{"embeddable":true,"href":"https:\/\/masantedagent.interiale.fr\/index.php?rest_route=%2Fwp%2Fv2%2Fcomments&post=8"}],"version-history":[{"count":2,"href":"https:\/\/masantedagent.interiale.fr\/index.php?rest_route=\/wp\/v2\/pages\/8\/revisions"}],"predecessor-version":[{"id":12,"href":"https:\/\/masantedagent.interiale.fr\/index.php?rest_route=\/wp\/v2\/pages\/8\/revisions\/12"}],"wp:attachment":[{"href":"https:\/\/masantedagent.interiale.fr\/index.php?rest_route=%2Fwp%2Fv2%2Fmedia&parent=8"}],"curies":[{"name":"wp","href":"https:\/\/api.w.org\/{rel}","templated":true}]}}